{"id":7293,"date":"2026-03-23T12:14:27","date_gmt":"2026-03-23T10:14:27","guid":{"rendered":"https:\/\/athletics-champions.ch\/?page_id=7293"},"modified":"2026-03-23T12:17:57","modified_gmt":"2026-03-23T10:17:57","slug":"58-mitgliederversammlung-2026-samstag-21-maerz-2026-haus-des-sports-in-ittigen-bei-bern","status":"publish","type":"page","link":"https:\/\/athletics-champions.ch\/fr\/impressionen\/58-mitgliederversammlung-2026-samstag-21-maerz-2026-haus-des-sports-in-ittigen-bei-bern\/","title":{"rendered":"58e assembl\u00e9e g\u00e9n\u00e9rale du 21 mars 2026 \u00e0 la \u00abMaison du Sport\u00bb \u00e0 Ittigen pr\u00e8s de Berne"},"content":{"rendered":"<p><style type=\"text\/css\">\n#foogallery-gallery-7281 .fg-image { width: 100px; }\n#foogallery-gallery-7281 { --fg-gutter: 10px; }<\/style>\n\t\t\t<div class=\"foogallery foogallery-container foogallery-default foogallery-lightbox-foobox fg-left fg-default fg-ready fg-light fg-round-small fg-loading-default fg-loaded-fade-in fg-hover-fade fg-hover-zoom\" id=\"foogallery-gallery-7281\" data-foogallery=\"{&quot;item&quot;:{&quot;showCaptionTitle&quot;:true,&quot;showCaptionDescription&quot;:false},&quot;lazy&quot;:true}\" style=\"--fg-title-line-clamp: 1; --fg-description-line-clamp: 2;\" >\n\t<div class=\"fg-item fg-type-image fg-idle\"><figure class=\"fg-item-inner\"><a href=\"https:\/\/athletics-champions.ch\/wp-content\/uploads\/2026\/03\/01-begruessung.jpg\" data-attachment-id=\"7285\" data-caption-title=\" \" data-caption-desc=\" \" data-type=\"image\" class=\"fg-thumb\"><span class=\"fg-image-wrap\"><img decoding=\"async\" width=\"100\" height=\"100\" class=\"skip-lazy fg-image\" data-src-fg=\"https:\/\/athletics-champions.ch\/wp-content\/uploads\/cache\/2026\/03\/01-begruessung\/1491431074.jpg\" src=\"data:image\/svg+xml,%3Csvg%20xmlns%3D%22http%3A%2F%2Fwww.w3.org%2F2000%2Fsvg%22%20width%3D%22100%22%20height%3D%22100%22%20viewBox%3D%220%200%20100%20100%22%3E%3C%2Fsvg%3E\" loading=\"eager\"><\/span><span class=\"fg-image-overlay\"><\/span><\/a><\/figure><div class=\"fg-loader\"><\/div><\/div><div class=\"fg-item fg-type-image fg-idle\"><figure class=\"fg-item-inner\"><a href=\"https:\/\/athletics-champions.ch\/wp-content\/uploads\/2026\/03\/03-neue-mitglieder.jpg\" data-attachment-id=\"7290\" data-caption-title=\" \" data-caption-desc=\" \" data-type=\"image\" class=\"fg-thumb\"><span class=\"fg-image-wrap\"><img decoding=\"async\" width=\"100\" height=\"100\" class=\"skip-lazy fg-image\" data-src-fg=\"https:\/\/athletics-champions.ch\/wp-content\/uploads\/cache\/2026\/03\/03-neue-mitglieder\/1217242059.jpg\" src=\"data:image\/svg+xml,%3Csvg%20xmlns%3D%22http%3A%2F%2Fwww.w3.org%2F2000%2Fsvg%22%20width%3D%22100%22%20height%3D%22100%22%20viewBox%3D%220%200%20100%20100%22%3E%3C%2Fsvg%3E\" loading=\"eager\"><\/span><span class=\"fg-image-overlay\"><\/span><\/a><\/figure><div class=\"fg-loader\"><\/div><\/div><div class=\"fg-item fg-type-image fg-idle\"><figure class=\"fg-item-inner\"><a href=\"https:\/\/athletics-champions.ch\/wp-content\/uploads\/2026\/03\/03-verstorben.jpg\" data-attachment-id=\"7286\" data-caption-title=\" \" data-caption-desc=\" \" data-type=\"image\" class=\"fg-thumb\"><span class=\"fg-image-wrap\"><img decoding=\"async\" width=\"100\" height=\"100\" class=\"skip-lazy fg-image\" data-src-fg=\"https:\/\/athletics-champions.ch\/wp-content\/uploads\/cache\/2026\/03\/03-verstorben\/1656263601.jpg\" src=\"data:image\/svg+xml,%3Csvg%20xmlns%3D%22http%3A%2F%2Fwww.w3.org%2F2000%2Fsvg%22%20width%3D%22100%22%20height%3D%22100%22%20viewBox%3D%220%200%20100%20100%22%3E%3C%2Fsvg%3E\" loading=\"eager\"><\/span><span class=\"fg-image-overlay\"><\/span><\/a><\/figure><div class=\"fg-loader\"><\/div><\/div><div class=\"fg-item fg-type-image fg-idle\"><figure class=\"fg-item-inner\"><a href=\"https:\/\/athletics-champions.ch\/wp-content\/uploads\/2026\/03\/02-mv.jpg\" data-attachment-id=\"7292\" data-caption-title=\" \" data-caption-desc=\" \" data-type=\"image\" class=\"fg-thumb\"><span class=\"fg-image-wrap\"><img decoding=\"async\" width=\"100\" height=\"100\" class=\"skip-lazy fg-image\" data-src-fg=\"https:\/\/athletics-champions.ch\/wp-content\/uploads\/cache\/2026\/03\/02-mv\/1113166329.jpg\" src=\"data:image\/svg+xml,%3Csvg%20xmlns%3D%22http%3A%2F%2Fwww.w3.org%2F2000%2Fsvg%22%20width%3D%22100%22%20height%3D%22100%22%20viewBox%3D%220%200%20100%20100%22%3E%3C%2Fsvg%3E\" loading=\"eager\"><\/span><span class=\"fg-image-overlay\"><\/span><\/a><\/figure><div class=\"fg-loader\"><\/div><\/div><div class=\"fg-item fg-type-image fg-idle\"><figure class=\"fg-item-inner\"><a href=\"https:\/\/athletics-champions.ch\/wp-content\/uploads\/2026\/03\/02-mv2.jpg\" data-attachment-id=\"7289\" data-caption-title=\" \" data-caption-desc=\" \" data-type=\"image\" class=\"fg-thumb\"><span class=\"fg-image-wrap\"><img decoding=\"async\" width=\"100\" height=\"100\" class=\"skip-lazy fg-image\" data-src-fg=\"https:\/\/athletics-champions.ch\/wp-content\/uploads\/cache\/2026\/03\/02-mv2\/4219635918.jpg\" src=\"data:image\/svg+xml,%3Csvg%20xmlns%3D%22http%3A%2F%2Fwww.w3.org%2F2000%2Fsvg%22%20width%3D%22100%22%20height%3D%22100%22%20viewBox%3D%220%200%20100%20100%22%3E%3C%2Fsvg%3E\" loading=\"eager\"><\/span><span class=\"fg-image-overlay\"><\/span><\/a><\/figure><div class=\"fg-loader\"><\/div><\/div><div class=\"fg-item fg-type-image fg-idle\"><figure class=\"fg-item-inner\"><a href=\"https:\/\/athletics-champions.ch\/wp-content\/uploads\/2026\/03\/IMG_3949.jpg\" data-attachment-id=\"7282\" data-caption-title=\" \" data-caption-desc=\" \" data-type=\"image\" class=\"fg-thumb\"><span class=\"fg-image-wrap\"><img decoding=\"async\" width=\"100\" height=\"100\" class=\"skip-lazy fg-image\" data-src-fg=\"https:\/\/athletics-champions.ch\/wp-content\/uploads\/cache\/2026\/03\/IMG_3949\/1174189585.jpg\" src=\"data:image\/svg+xml,%3Csvg%20xmlns%3D%22http%3A%2F%2Fwww.w3.org%2F2000%2Fsvg%22%20width%3D%22100%22%20height%3D%22100%22%20viewBox%3D%220%200%20100%20100%22%3E%3C%2Fsvg%3E\" loading=\"eager\"><\/span><span class=\"fg-image-overlay\"><\/span><\/a><\/figure><div class=\"fg-loader\"><\/div><\/div><div class=\"fg-item fg-type-image fg-idle\"><figure class=\"fg-item-inner\"><a href=\"https:\/\/athletics-champions.ch\/wp-content\/uploads\/2026\/03\/04-erinnerungen.jpg\" data-attachment-id=\"7287\" data-caption-title=\" \" data-caption-desc=\" \" data-type=\"image\" class=\"fg-thumb\"><span class=\"fg-image-wrap\"><img decoding=\"async\" width=\"100\" height=\"100\" class=\"skip-lazy fg-image\" data-src-fg=\"https:\/\/athletics-champions.ch\/wp-content\/uploads\/cache\/2026\/03\/04-erinnerungen\/235864955.jpg\" src=\"data:image\/svg+xml,%3Csvg%20xmlns%3D%22http%3A%2F%2Fwww.w3.org%2F2000%2Fsvg%22%20width%3D%22100%22%20height%3D%22100%22%20viewBox%3D%220%200%20100%20100%22%3E%3C%2Fsvg%3E\" loading=\"eager\"><\/span><span class=\"fg-image-overlay\"><\/span><\/a><\/figure><div class=\"fg-loader\"><\/div><\/div><div class=\"fg-item fg-type-image fg-idle\"><figure class=\"fg-item-inner\"><a href=\"https:\/\/athletics-champions.ch\/wp-content\/uploads\/2026\/03\/IMG_3953.jpg\" data-attachment-id=\"7283\" data-caption-title=\" \" data-caption-desc=\" \" data-type=\"image\" class=\"fg-thumb\"><span class=\"fg-image-wrap\"><img decoding=\"async\" width=\"100\" height=\"100\" class=\"skip-lazy fg-image\" data-src-fg=\"https:\/\/athletics-champions.ch\/wp-content\/uploads\/cache\/2026\/03\/IMG_3953\/2586522395.jpg\" src=\"data:image\/svg+xml,%3Csvg%20xmlns%3D%22http%3A%2F%2Fwww.w3.org%2F2000%2Fsvg%22%20width%3D%22100%22%20height%3D%22100%22%20viewBox%3D%220%200%20100%20100%22%3E%3C%2Fsvg%3E\" loading=\"eager\"><\/span><span class=\"fg-image-overlay\"><\/span><\/a><\/figure><div class=\"fg-loader\"><\/div><\/div><div class=\"fg-item fg-type-image fg-idle\"><figure class=\"fg-item-inner\"><a href=\"https:\/\/athletics-champions.ch\/wp-content\/uploads\/2026\/03\/IMG_3950.jpg\" data-attachment-id=\"7284\" data-caption-title=\" \" data-caption-desc=\" \" data-type=\"image\" class=\"fg-thumb\"><span class=\"fg-image-wrap\"><img decoding=\"async\" width=\"100\" height=\"100\" class=\"skip-lazy fg-image\" data-src-fg=\"https:\/\/athletics-champions.ch\/wp-content\/uploads\/cache\/2026\/03\/IMG_3950\/1104319038.jpg\" src=\"data:image\/svg+xml,%3Csvg%20xmlns%3D%22http%3A%2F%2Fwww.w3.org%2F2000%2Fsvg%22%20width%3D%22100%22%20height%3D%22100%22%20viewBox%3D%220%200%20100%20100%22%3E%3C%2Fsvg%3E\" loading=\"eager\"><\/span><span class=\"fg-image-overlay\"><\/span><\/a><\/figure><div class=\"fg-loader\"><\/div><\/div><div class=\"fg-item fg-type-image fg-idle\"><figure class=\"fg-item-inner\"><a href=\"https:\/\/athletics-champions.ch\/wp-content\/uploads\/2026\/03\/05-vorstand.jpg\" data-attachment-id=\"7288\" data-caption-title=\" \" data-caption-desc=\" \" data-type=\"image\" class=\"fg-thumb\"><span class=\"fg-image-wrap\"><img decoding=\"async\" width=\"100\" height=\"100\" class=\"skip-lazy fg-image\" data-src-fg=\"https:\/\/athletics-champions.ch\/wp-content\/uploads\/cache\/2026\/03\/05-vorstand\/3082636611.jpg\" src=\"data:image\/svg+xml,%3Csvg%20xmlns%3D%22http%3A%2F%2Fwww.w3.org%2F2000%2Fsvg%22%20width%3D%22100%22%20height%3D%22100%22%20viewBox%3D%220%200%20100%20100%22%3E%3C%2Fsvg%3E\" loading=\"eager\"><\/span><span class=\"fg-image-overlay\"><\/span><\/a><\/figure><div class=\"fg-loader\"><\/div><\/div><div class=\"fg-item fg-type-image fg-idle\"><figure class=\"fg-item-inner\"><a href=\"https:\/\/athletics-champions.ch\/wp-content\/uploads\/2026\/03\/01-teilnehmende.jpg\" data-attachment-id=\"7291\" data-caption-title=\" \" data-caption-desc=\" \" data-type=\"image\" class=\"fg-thumb\"><span class=\"fg-image-wrap\"><img decoding=\"async\" width=\"100\" height=\"100\" class=\"skip-lazy fg-image\" data-src-fg=\"https:\/\/athletics-champions.ch\/wp-content\/uploads\/cache\/2026\/03\/01-teilnehmende\/2934722818.jpg\" src=\"data:image\/svg+xml,%3Csvg%20xmlns%3D%22http%3A%2F%2Fwww.w3.org%2F2000%2Fsvg%22%20width%3D%22100%22%20height%3D%22100%22%20viewBox%3D%220%200%20100%20100%22%3E%3C%2Fsvg%3E\" loading=\"eager\"><\/span><span class=\"fg-image-overlay\"><\/span><\/a><\/figure><div class=\"fg-loader\"><\/div><\/div><\/div>\n<br \/>\nFotos: Hugo Rey, www.athletics-champions.ch<\/p>\n","protected":false},"excerpt":{"rendered":"<p>Fotos: Hugo Rey, www.athletics-champions.ch<\/p>\n","protected":false},"author":2,"featured_media":0,"parent":199,"menu_order":0,"comment_status":"closed","ping_status":"closed","template":"template-fullwidth.php","meta":{"inline_featured_image":false,"footnotes":""},"class_list":["post-7293","page","type-page","status-publish","hentry"],"yoast_head":"<!-- This site is optimized with the Yoast SEO plugin v26.5 - https:\/\/yoast.com\/wordpress\/plugins\/seo\/ -->\n<title>58e assembl\u00e9e g\u00e9n\u00e9rale du 21 mars 2026 \u00e0 la \u00abMaison du Sport\u00bb \u00e0 Ittigen pr\u00e8s de Berne - Swiss Athletics Champions<\/title>\n<meta name=\"robots\" content=\"index, follow, max-snippet:-1, max-image-preview:large, max-video-preview:-1\" \/>\n<link rel=\"canonical\" href=\"https:\/\/athletics-champions.ch\/impressionen\/58-mitgliederversammlung-2026-samstag-21-maerz-2026-haus-des-sports-in-ittigen-bei-bern\/\" \/>\n<meta property=\"og:locale\" content=\"fr_FR\" \/>\n<meta property=\"og:type\" content=\"article\" \/>\n<meta property=\"og:title\" content=\"58e assembl\u00e9e g\u00e9n\u00e9rale du 21 mars 2026 \u00e0 la \u00abMaison du Sport\u00bb \u00e0 Ittigen pr\u00e8s de Berne - Swiss Athletics Champions\" \/>\n<meta property=\"og:description\" content=\"Fotos: Hugo Rey, www.athletics-champions.ch\" \/>\n<meta property=\"og:url\" content=\"https:\/\/athletics-champions.ch\/impressionen\/58-mitgliederversammlung-2026-samstag-21-maerz-2026-haus-des-sports-in-ittigen-bei-bern\/\" \/>\n<meta property=\"og:site_name\" content=\"Swiss Athletics Champions\" \/>\n<meta property=\"article:publisher\" content=\"https:\/\/www.facebook.com\/athletics.champions.ch\/\" \/>\n<meta property=\"article:modified_time\" content=\"2026-03-23T10:17:57+00:00\" \/>\n<meta name=\"twitter:card\" content=\"summary_large_image\" \/>\n<meta name=\"twitter:site\" content=\"@SwissAthletics\" \/>\n<meta name=\"twitter:label1\" content=\"Dur\u00e9e de lecture estim\u00e9e\" \/>\n\t<meta name=\"twitter:data1\" content=\"1 minute\" \/>\n<script type=\"application\/ld+json\" class=\"yoast-schema-graph\">{\"@context\":\"https:\/\/schema.org\",\"@graph\":[{\"@type\":\"WebPage\",\"@id\":\"https:\/\/athletics-champions.ch\/impressionen\/58-mitgliederversammlung-2026-samstag-21-maerz-2026-haus-des-sports-in-ittigen-bei-bern\/\",\"url\":\"https:\/\/athletics-champions.ch\/impressionen\/58-mitgliederversammlung-2026-samstag-21-maerz-2026-haus-des-sports-in-ittigen-bei-bern\/\",\"name\":\"58e assembl\u00e9e g\u00e9n\u00e9rale du 21 mars 2026 \u00e0 la \u00abMaison du Sport\u00bb \u00e0 Ittigen pr\u00e8s de Berne - Swiss Athletics Champions\",\"isPartOf\":{\"@id\":\"https:\/\/athletics-champions.ch\/#website\"},\"datePublished\":\"2026-03-23T10:14:27+00:00\",\"dateModified\":\"2026-03-23T10:17:57+00:00\",\"breadcrumb\":{\"@id\":\"https:\/\/athletics-champions.ch\/impressionen\/58-mitgliederversammlung-2026-samstag-21-maerz-2026-haus-des-sports-in-ittigen-bei-bern\/#breadcrumb\"},\"inLanguage\":\"fr-FR\",\"potentialAction\":[{\"@type\":\"ReadAction\",\"target\":[\"https:\/\/athletics-champions.ch\/impressionen\/58-mitgliederversammlung-2026-samstag-21-maerz-2026-haus-des-sports-in-ittigen-bei-bern\/\"]}]},{\"@type\":\"BreadcrumbList\",\"@id\":\"https:\/\/athletics-champions.ch\/impressionen\/58-mitgliederversammlung-2026-samstag-21-maerz-2026-haus-des-sports-in-ittigen-bei-bern\/#breadcrumb\",\"itemListElement\":[{\"@type\":\"ListItem\",\"position\":1,\"name\":\"Startseite\",\"item\":\"https:\/\/athletics-champions.ch\/\"},{\"@type\":\"ListItem\",\"position\":2,\"name\":\"Impressionen\",\"item\":\"https:\/\/athletics-champions.ch\/impressionen\/\"},{\"@type\":\"ListItem\",\"position\":3,\"name\":\"58. Mitgliederversammlung 2026 Samstag, 21. M\u00e4rz 2026, Haus des Sports in Ittigen bei Bern\"}]},{\"@type\":\"WebSite\",\"@id\":\"https:\/\/athletics-champions.ch\/#website\",\"url\":\"https:\/\/athletics-champions.ch\/\",\"name\":\"Swiss Athletics Champions\",\"description\":\"\",\"publisher\":{\"@id\":\"https:\/\/athletics-champions.ch\/#organization\"},\"potentialAction\":[{\"@type\":\"SearchAction\",\"target\":{\"@type\":\"EntryPoint\",\"urlTemplate\":\"https:\/\/athletics-champions.ch\/?s={search_term_string}\"},\"query-input\":{\"@type\":\"PropertyValueSpecification\",\"valueRequired\":true,\"valueName\":\"search_term_string\"}}],\"inLanguage\":\"fr-FR\"},{\"@type\":\"Organization\",\"@id\":\"https:\/\/athletics-champions.ch\/#organization\",\"name\":\"athletics champions\",\"url\":\"https:\/\/athletics-champions.ch\/\",\"logo\":{\"@type\":\"ImageObject\",\"inLanguage\":\"fr-FR\",\"@id\":\"https:\/\/athletics-champions.ch\/#\/schema\/logo\/image\/\",\"url\":\"https:\/\/athletics-champions.ch\/wp-content\/uploads\/2012\/08\/cropped-banner.jpg\",\"contentUrl\":\"https:\/\/athletics-champions.ch\/wp-content\/uploads\/2012\/08\/cropped-banner.jpg\",\"width\":\"940\",\"height\":\"173\",\"caption\":\"athletics champions\"},\"image\":{\"@id\":\"https:\/\/athletics-champions.ch\/#\/schema\/logo\/image\/\"},\"sameAs\":[\"https:\/\/www.facebook.com\/athletics.champions.ch\/\",\"https:\/\/x.com\/SwissAthletics\",\"http:\/\/www.youtube.com\/user\/swissathleticsCH\"]}]}<\/script>\n<!-- \/ Yoast SEO plugin. -->","yoast_head_json":{"title":"58e assembl\u00e9e g\u00e9n\u00e9rale du 21 mars 2026 \u00e0 la \u00abMaison du Sport\u00bb \u00e0 Ittigen pr\u00e8s de Berne - Swiss Athletics Champions","robots":{"index":"index","follow":"follow","max-snippet":"max-snippet:-1","max-image-preview":"max-image-preview:large","max-video-preview":"max-video-preview:-1"},"canonical":"https:\/\/athletics-champions.ch\/impressionen\/58-mitgliederversammlung-2026-samstag-21-maerz-2026-haus-des-sports-in-ittigen-bei-bern\/","og_locale":"fr_FR","og_type":"article","og_title":"58e assembl\u00e9e g\u00e9n\u00e9rale du 21 mars 2026 \u00e0 la \u00abMaison du Sport\u00bb \u00e0 Ittigen pr\u00e8s de Berne - Swiss Athletics Champions","og_description":"Fotos: Hugo Rey, www.athletics-champions.ch","og_url":"https:\/\/athletics-champions.ch\/impressionen\/58-mitgliederversammlung-2026-samstag-21-maerz-2026-haus-des-sports-in-ittigen-bei-bern\/","og_site_name":"Swiss Athletics Champions","article_publisher":"https:\/\/www.facebook.com\/athletics.champions.ch\/","article_modified_time":"2026-03-23T10:17:57+00:00","twitter_card":"summary_large_image","twitter_site":"@SwissAthletics","twitter_misc":{"Dur\u00e9e de lecture estim\u00e9e":"1 minute"},"schema":{"@context":"https:\/\/schema.org","@graph":[{"@type":"WebPage","@id":"https:\/\/athletics-champions.ch\/impressionen\/58-mitgliederversammlung-2026-samstag-21-maerz-2026-haus-des-sports-in-ittigen-bei-bern\/","url":"https:\/\/athletics-champions.ch\/impressionen\/58-mitgliederversammlung-2026-samstag-21-maerz-2026-haus-des-sports-in-ittigen-bei-bern\/","name":"58e assembl\u00e9e g\u00e9n\u00e9rale du 21 mars 2026 \u00e0 la \u00abMaison du Sport\u00bb \u00e0 Ittigen pr\u00e8s de Berne - Swiss Athletics Champions","isPartOf":{"@id":"https:\/\/athletics-champions.ch\/#website"},"datePublished":"2026-03-23T10:14:27+00:00","dateModified":"2026-03-23T10:17:57+00:00","breadcrumb":{"@id":"https:\/\/athletics-champions.ch\/impressionen\/58-mitgliederversammlung-2026-samstag-21-maerz-2026-haus-des-sports-in-ittigen-bei-bern\/#breadcrumb"},"inLanguage":"fr-FR","potentialAction":[{"@type":"ReadAction","target":["https:\/\/athletics-champions.ch\/impressionen\/58-mitgliederversammlung-2026-samstag-21-maerz-2026-haus-des-sports-in-ittigen-bei-bern\/"]}]},{"@type":"BreadcrumbList","@id":"https:\/\/athletics-champions.ch\/impressionen\/58-mitgliederversammlung-2026-samstag-21-maerz-2026-haus-des-sports-in-ittigen-bei-bern\/#breadcrumb","itemListElement":[{"@type":"ListItem","position":1,"name":"Startseite","item":"https:\/\/athletics-champions.ch\/"},{"@type":"ListItem","position":2,"name":"Impressionen","item":"https:\/\/athletics-champions.ch\/impressionen\/"},{"@type":"ListItem","position":3,"name":"58. Mitgliederversammlung 2026 Samstag, 21. M\u00e4rz 2026, Haus des Sports in Ittigen bei Bern"}]},{"@type":"WebSite","@id":"https:\/\/athletics-champions.ch\/#website","url":"https:\/\/athletics-champions.ch\/","name":"Swiss Athletics Champions","description":"","publisher":{"@id":"https:\/\/athletics-champions.ch\/#organization"},"potentialAction":[{"@type":"SearchAction","target":{"@type":"EntryPoint","urlTemplate":"https:\/\/athletics-champions.ch\/?s={search_term_string}"},"query-input":{"@type":"PropertyValueSpecification","valueRequired":true,"valueName":"search_term_string"}}],"inLanguage":"fr-FR"},{"@type":"Organization","@id":"https:\/\/athletics-champions.ch\/#organization","name":"athletics champions","url":"https:\/\/athletics-champions.ch\/","logo":{"@type":"ImageObject","inLanguage":"fr-FR","@id":"https:\/\/athletics-champions.ch\/#\/schema\/logo\/image\/","url":"https:\/\/athletics-champions.ch\/wp-content\/uploads\/2012\/08\/cropped-banner.jpg","contentUrl":"https:\/\/athletics-champions.ch\/wp-content\/uploads\/2012\/08\/cropped-banner.jpg","width":"940","height":"173","caption":"athletics champions"},"image":{"@id":"https:\/\/athletics-champions.ch\/#\/schema\/logo\/image\/"},"sameAs":["https:\/\/www.facebook.com\/athletics.champions.ch\/","https:\/\/x.com\/SwissAthletics","http:\/\/www.youtube.com\/user\/swissathleticsCH"]}]}},"_links":{"self":[{"href":"https:\/\/athletics-champions.ch\/fr\/wp-json\/wp\/v2\/pages\/7293","targetHints":{"allow":["GET"]}}],"collection":[{"href":"https:\/\/athletics-champions.ch\/fr\/wp-json\/wp\/v2\/pages"}],"about":[{"href":"https:\/\/athletics-champions.ch\/fr\/wp-json\/wp\/v2\/types\/page"}],"author":[{"embeddable":true,"href":"https:\/\/athletics-champions.ch\/fr\/wp-json\/wp\/v2\/users\/2"}],"replies":[{"embeddable":true,"href":"https:\/\/athletics-champions.ch\/fr\/wp-json\/wp\/v2\/comments?post=7293"}],"version-history":[{"count":2,"href":"https:\/\/athletics-champions.ch\/fr\/wp-json\/wp\/v2\/pages\/7293\/revisions"}],"predecessor-version":[{"id":7296,"href":"https:\/\/athletics-champions.ch\/fr\/wp-json\/wp\/v2\/pages\/7293\/revisions\/7296"}],"up":[{"embeddable":true,"href":"https:\/\/athletics-champions.ch\/fr\/wp-json\/wp\/v2\/pages\/199"}],"wp:attachment":[{"href":"https:\/\/athletics-champions.ch\/fr\/wp-json\/wp\/v2\/media?parent=7293"}],"curies":[{"name":"wp","href":"https:\/\/api.w.org\/{rel}","templated":true}]}}