{"id":38,"date":"2012-05-06T10:25:20","date_gmt":"2012-05-06T08:25:20","guid":{"rendered":"http:\/\/athletics-champions.powermedia.pro\/?page_id=38"},"modified":"2026-01-31T18:28:37","modified_gmt":"2026-01-31T16:28:37","slug":"mitglieder","status":"publish","type":"page","link":"https:\/\/athletics-champions.ch\/fr\/mitglieder\/","title":{"rendered":"Membres \/ Accession"},"content":{"rendered":"<p><strong>Peuvent faire partie de l\u2019Association:<\/strong><br \/>\nLes champions et championnes suisses d\u2019athl\u00e9tisme, en titre et anciens, dans les disciplines individuelles outdoor organis\u00e9es par la F\u00e9d\u00e9ration Internationale d\u2019Athl\u00e9tisme (IAAF) et la F\u00e9d\u00e9ration Europ\u00e9enne d\u2019Athl\u00e9tisme (European Athletics) comme disciplines inscrites dans les championnats.<br \/>\nL\u2019affiliation de membre a lieu au moyen de la d\u00e9claration \u00e9crite d\u2019admission soumise au comit\u00e9 de l\u2019Association et approuv\u00e9e par celui-ci.<\/p>\n<p><strong>Formulaire en ligne de d\u00e9claration d&rsquo;adh\u00e9sion:<\/strong><\/p>\n\n<div class=\"wpcf7 no-js\" id=\"wpcf7-f5018-o2\" lang=\"de-DE\" dir=\"ltr\" data-wpcf7-id=\"5018\">\n<div class=\"screen-reader-response\"><p role=\"status\" aria-live=\"polite\" aria-atomic=\"true\"><\/p> <ul><\/ul><\/div>\n<form action=\"\/fr\/wp-json\/wp\/v2\/pages\/38#wpcf7-f5018-o2\" method=\"post\" class=\"wpcf7-form init\" aria-label=\"Kontaktformular\" novalidate=\"novalidate\" data-status=\"init\">\n<fieldset class=\"hidden-fields-container\"><input type=\"hidden\" name=\"_wpcf7\" value=\"5018\" \/><input type=\"hidden\" name=\"_wpcf7_version\" value=\"6.1.4\" \/><input type=\"hidden\" name=\"_wpcf7_locale\" value=\"de_DE\" \/><input type=\"hidden\" name=\"_wpcf7_unit_tag\" value=\"wpcf7-f5018-o2\" \/><input type=\"hidden\" name=\"_wpcf7_container_post\" value=\"0\" \/><input type=\"hidden\" name=\"_wpcf7_posted_data_hash\" value=\"\" \/>\n<\/fieldset>\n<p><span class=\"wpcf7-form-control-wrap\" data-name=\"opt-in\"><span class=\"wpcf7-form-control wpcf7-radio\"><span class=\"wpcf7-list-item first\"><label><input type=\"radio\" name=\"opt-in\" value=\"Oui, je d\u00e9sire devenir membre de athletics-champions.\" checked=\"checked\" \/><span class=\"wpcf7-list-item-label\">Oui, je d\u00e9sire devenir membre de athletics-champions.<\/span><\/label><\/span><span class=\"wpcf7-list-item last\"><label><input type=\"radio\" name=\"opt-in\" value=\"Non, cette Association ne m&#039;int\u00e9resse pas.\" \/><span class=\"wpcf7-list-item-label\">Non, cette Association ne m&#039;int\u00e9resse pas.<\/span><\/label><\/span><\/span><\/span>\n<\/p>\n<p><label> <span class=\"label-text\">Pr\u00e9nom\/Nom:<\/span><br \/>\n<span class=\"wpcf7-form-control-wrap\" data-name=\"your-name\"><input size=\"40\" maxlength=\"400\" class=\"wpcf7-form-control wpcf7-text wpcf7-validates-as-required\" aria-required=\"true\" aria-invalid=\"false\" value=\"\" type=\"text\" name=\"your-name\" \/><\/span> <\/label>\n<\/p>\n<p><label> <span class=\"label-text\">Rue\/Bo\u00eete postale:<\/span><br \/>\n<span class=\"wpcf7-form-control-wrap\" data-name=\"address\"><input size=\"40\" maxlength=\"400\" class=\"wpcf7-form-control wpcf7-text wpcf7-validates-as-required\" aria-required=\"true\" aria-invalid=\"false\" value=\"\" type=\"text\" name=\"address\" \/><\/span> <\/label>\n<\/p>\n<p><label> <span class=\"label-text\">NPA\/Lieu:<\/span><br \/>\n<span class=\"wpcf7-form-control-wrap\" data-name=\"zip-location\"><input size=\"40\" maxlength=\"400\" class=\"wpcf7-form-control wpcf7-text wpcf7-validates-as-required\" aria-required=\"true\" aria-invalid=\"false\" value=\"\" type=\"text\" name=\"zip-location\" \/><\/span> <\/label>\n<\/p>\n<div class=\"form-control form-control-3\">\n\t<p><label> <span class=\"label-text\">T\u00e9l. pr.:<\/span> <span class=\"wpcf7-form-control-wrap\" data-name=\"telephone\"><input size=\"40\" maxlength=\"400\" class=\"wpcf7-form-control wpcf7-tel wpcf7-text wpcf7-validates-as-tel\" aria-invalid=\"false\" value=\"\" type=\"tel\" name=\"telephone\" \/><\/span> <\/label><label> <span class=\"label-text\">Mobile:<\/span> <span class=\"wpcf7-form-control-wrap\" data-name=\"mobile\"><input size=\"40\" maxlength=\"400\" class=\"wpcf7-form-control wpcf7-tel wpcf7-text wpcf7-validates-as-tel\" aria-invalid=\"false\" value=\"\" type=\"tel\" name=\"mobile\" \/><\/span> <\/label><label> <span class=\"label-text\">T\u00e9l. prof.:<\/span> <span class=\"wpcf7-form-control-wrap\" data-name=\"tel-g\"><input size=\"40\" maxlength=\"400\" class=\"wpcf7-form-control wpcf7-tel wpcf7-text wpcf7-validates-as-tel\" aria-invalid=\"false\" value=\"\" type=\"tel\" name=\"tel-g\" \/><\/span> <\/label>\n\t<\/p>\n<\/div>\n<p><label> <span class=\"label-text\">E-Mail:<\/span><br \/>\n<span class=\"wpcf7-form-control-wrap\" data-name=\"your-email\"><input size=\"40\" maxlength=\"400\" class=\"wpcf7-form-control wpcf7-email wpcf7-validates-as-required wpcf7-text wpcf7-validates-as-email\" aria-required=\"true\" aria-invalid=\"false\" value=\"\" type=\"email\" name=\"your-email\" \/><\/span> <\/label>\n<\/p>\n<p><label> <span class=\"label-text\">Website:<\/span><br \/>\n<span class=\"wpcf7-form-control-wrap\" data-name=\"url-267\"><input size=\"40\" maxlength=\"400\" class=\"wpcf7-form-control wpcf7-url wpcf7-text wpcf7-validates-as-url\" aria-invalid=\"false\" value=\"\" type=\"url\" name=\"url-267\" \/><\/span> <\/label>\n<\/p>\n<p><label> <span class=\"label-text\">Date de naissance:<\/span><br \/>\n<span class=\"wpcf7-form-control-wrap\" data-name=\"date\"><input size=\"40\" maxlength=\"400\" class=\"wpcf7-form-control wpcf7-text wpcf7-validates-as-required\" aria-required=\"true\" aria-invalid=\"false\" value=\"\" type=\"text\" name=\"date\" \/><\/span> <\/label>\n<\/p>\n<div class=\"form-control form-control-4\">\n\t<p><label> <span class=\"label-text\">1 er titre champion suisse, ann\u00e9e:<\/span> <span class=\"wpcf7-form-control-wrap\" data-name=\"title-year\"><input class=\"wpcf7-form-control wpcf7-number wpcf7-validates-as-required wpcf7-validates-as-number\" min=\"1900\" max=\"2099\" aria-required=\"true\" aria-invalid=\"false\" value=\"\" type=\"number\" name=\"title-year\" \/><\/span> <\/label><label> <span class=\"label-text\">Discipline:<\/span> <span class=\"wpcf7-form-control-wrap\" data-name=\"discipline\"><input size=\"40\" maxlength=\"400\" class=\"wpcf7-form-control wpcf7-text wpcf7-validates-as-required\" aria-required=\"true\" aria-invalid=\"false\" value=\"\" type=\"text\" name=\"discipline\" \/><\/span> <\/label>\n\t<\/p>\n<\/div>\n<p><label class=\"message-label\"> <span class=\"label-text\">Votre message (facultatif)<\/span><br \/>\n<span class=\"wpcf7-form-control-wrap\" data-name=\"your-message\"><textarea cols=\"40\" rows=\"10\" maxlength=\"2000\" class=\"wpcf7-form-control wpcf7-textarea\" aria-invalid=\"false\" name=\"your-message\"><\/textarea><\/span> <\/label>\n<\/p>\n<p><input class=\"wpcf7-form-control wpcf7-submit has-spinner\" type=\"submit\" value=\"Envoyer\" \/>\n<\/p><div class=\"wpcf7-response-output\" aria-hidden=\"true\"><\/div>\n<\/form>\n<\/div>\n\n<p>&nbsp;<\/p>\n<p><a href=\"https:\/\/athletics-champions.ch\/wp-content\/uploads\/2021\/02\/festschrift-small.pdf\" target=\"_blank\" rel=\"noopener\"><img loading=\"lazy\" decoding=\"async\" class=\"alignnone size-medium wp-image-4677\" src=\"https:\/\/athletics-champions.ch\/wp-content\/uploads\/2021\/02\/titel-212x300.jpg\" alt=\"\" width=\"212\" height=\"300\" srcset=\"https:\/\/athletics-champions.ch\/wp-content\/uploads\/2021\/02\/titel-212x300.jpg 212w, https:\/\/athletics-champions.ch\/wp-content\/uploads\/2021\/02\/titel.jpg 567w\" sizes=\"auto, (max-width: 212px) 100vw, 212px\" \/> <\/a><\/p>\n<p><a href=\"https:\/\/athletics-champions.ch\/wp-content\/uploads\/2021\/02\/festschrift-small.pdf\" target=\"_blank\" rel=\"noopener\"><strong>Festschrift 50 Jahre athletics-champions<\/strong><\/a><br \/>\n<a href=\"https:\/\/athletics-champions.ch\/wp-content\/uploads\/2021\/02\/festschrift-small.pdf\" target=\"_blank\" rel=\"noopener\"><strong>Document du Jubil\u00e9 50 ans athletics-champions<\/strong><\/a><br \/>\n<a href=\"https:\/\/athletics-champions.ch\/wp-content\/uploads\/2021\/02\/festschrift-small.pdf\" target=\"_blank\" rel=\"noopener\"><strong>Documento del Giubileo 50 anni athletics-champions<\/strong><\/a><\/p>\n<p><strong>Statuten athletics-champions:<br \/>\n<\/strong><a href=\"https:\/\/athletics-champions.ch\/wp-content\/uploads\/2025\/03\/Statuten-2025-genehmigt.pdf\" target=\"_blank\" rel=\"noopener\">Statuten pdf<\/a><\/p>\n<p><strong>57e rapport annuel du pr\u00e9sident 2025<br \/>\n<a href=\"https:\/\/athletics-champions.ch\/wp-content\/uploads\/2026\/01\/57.-Jahresbericht-2025-F-def.pdf\">57e rapport annuel du pr\u00e9sident 2025 pdf<\/a><br \/>\n<\/strong><\/p>\n<p><strong>Proc\u00e8s-verbal de la 56e assembl\u00e9e des membres du<br \/>\n22 mars 2025 \u00e0 \u00abZunfthaus zur Meisen\u00bb, Zurich<br \/>\n<a href=\"https:\/\/athletics-champions.ch\/wp-content\/uploads\/2026\/01\/protokoll-mv-2025-de.pdf\">Proc\u00e8s-verbal de la 56e AM 2025 Zurich pdf<\/a><br \/>\n<\/strong><\/p>\n<div class=\"page\" title=\"Page 1\">\n<div class=\"layoutArea\">\n<div class=\"column\"><\/div>\n<\/div>\n<\/div>\n<p><\/p>","protected":false},"excerpt":{"rendered":"<p>Peuvent faire partie de l\u2019Association: Les champions et championnes suisses d\u2019athl\u00e9tisme, en titre et anciens, dans les disciplines individuelles outdoor[&#8230;]<\/p>\n","protected":false},"author":1,"featured_media":0,"parent":0,"menu_order":0,"comment_status":"closed","ping_status":"closed","template":"","meta":{"inline_featured_image":false,"footnotes":""},"class_list":["post-38","page","type-page","status-publish","hentry"],"yoast_head":"<!-- This site is optimized with the Yoast SEO plugin v26.5 - https:\/\/yoast.com\/wordpress\/plugins\/seo\/ -->\n<title>Membres \/ Accession - Swiss Athletics Champions<\/title>\n<meta name=\"robots\" content=\"index, follow, max-snippet:-1, max-image-preview:large, max-video-preview:-1\" \/>\n<link rel=\"canonical\" href=\"https:\/\/athletics-champions.ch\/mitglieder\/\" \/>\n<meta property=\"og:locale\" content=\"fr_FR\" \/>\n<meta property=\"og:type\" content=\"article\" \/>\n<meta property=\"og:title\" content=\"Membres \/ Accession - Swiss Athletics Champions\" \/>\n<meta property=\"og:description\" content=\"Peuvent faire partie de l\u2019Association: Les champions et championnes suisses d\u2019athl\u00e9tisme, en titre et anciens, dans les disciplines individuelles outdoor[...]\" \/>\n<meta property=\"og:url\" content=\"https:\/\/athletics-champions.ch\/mitglieder\/\" \/>\n<meta property=\"og:site_name\" content=\"Swiss Athletics Champions\" \/>\n<meta property=\"article:publisher\" content=\"https:\/\/www.facebook.com\/athletics.champions.ch\/\" \/>\n<meta property=\"article:modified_time\" content=\"2026-01-31T16:28:37+00:00\" \/>\n<meta property=\"og:image\" content=\"https:\/\/athletics-champions.ch\/wp-content\/uploads\/2021\/02\/titel.jpg\" \/>\n\t<meta property=\"og:image:width\" content=\"567\" \/>\n\t<meta property=\"og:image:height\" content=\"803\" \/>\n\t<meta property=\"og:image:type\" content=\"image\/jpeg\" \/>\n<meta name=\"twitter:card\" content=\"summary_large_image\" \/>\n<meta name=\"twitter:site\" content=\"@SwissAthletics\" \/>\n<meta name=\"twitter:label1\" content=\"Dur\u00e9e de lecture estim\u00e9e\" \/>\n\t<meta name=\"twitter:data1\" content=\"2 minutes\" \/>\n<script type=\"application\/ld+json\" class=\"yoast-schema-graph\">{\"@context\":\"https:\/\/schema.org\",\"@graph\":[{\"@type\":\"WebPage\",\"@id\":\"https:\/\/athletics-champions.ch\/mitglieder\/\",\"url\":\"https:\/\/athletics-champions.ch\/mitglieder\/\",\"name\":\"Membres \/ Accession - Swiss Athletics Champions\",\"isPartOf\":{\"@id\":\"https:\/\/athletics-champions.ch\/#website\"},\"primaryImageOfPage\":{\"@id\":\"https:\/\/athletics-champions.ch\/mitglieder\/#primaryimage\"},\"image\":{\"@id\":\"https:\/\/athletics-champions.ch\/mitglieder\/#primaryimage\"},\"thumbnailUrl\":\"https:\/\/athletics-champions.ch\/wp-content\/uploads\/2021\/02\/titel-212x300.jpg\",\"datePublished\":\"2012-05-06T08:25:20+00:00\",\"dateModified\":\"2026-01-31T16:28:37+00:00\",\"breadcrumb\":{\"@id\":\"https:\/\/athletics-champions.ch\/mitglieder\/#breadcrumb\"},\"inLanguage\":\"fr-FR\",\"potentialAction\":[{\"@type\":\"ReadAction\",\"target\":[\"https:\/\/athletics-champions.ch\/mitglieder\/\"]}]},{\"@type\":\"ImageObject\",\"inLanguage\":\"fr-FR\",\"@id\":\"https:\/\/athletics-champions.ch\/mitglieder\/#primaryimage\",\"url\":\"https:\/\/athletics-champions.ch\/wp-content\/uploads\/2021\/02\/titel-212x300.jpg\",\"contentUrl\":\"https:\/\/athletics-champions.ch\/wp-content\/uploads\/2021\/02\/titel-212x300.jpg\"},{\"@type\":\"BreadcrumbList\",\"@id\":\"https:\/\/athletics-champions.ch\/mitglieder\/#breadcrumb\",\"itemListElement\":[{\"@type\":\"ListItem\",\"position\":1,\"name\":\"Startseite\",\"item\":\"https:\/\/athletics-champions.ch\/\"},{\"@type\":\"ListItem\",\"position\":2,\"name\":\"Mitglieder \/ Beitrittserkl\u00e4rung\"}]},{\"@type\":\"WebSite\",\"@id\":\"https:\/\/athletics-champions.ch\/#website\",\"url\":\"https:\/\/athletics-champions.ch\/\",\"name\":\"Swiss Athletics Champions\",\"description\":\"\",\"publisher\":{\"@id\":\"https:\/\/athletics-champions.ch\/#organization\"},\"potentialAction\":[{\"@type\":\"SearchAction\",\"target\":{\"@type\":\"EntryPoint\",\"urlTemplate\":\"https:\/\/athletics-champions.ch\/?s={search_term_string}\"},\"query-input\":{\"@type\":\"PropertyValueSpecification\",\"valueRequired\":true,\"valueName\":\"search_term_string\"}}],\"inLanguage\":\"fr-FR\"},{\"@type\":\"Organization\",\"@id\":\"https:\/\/athletics-champions.ch\/#organization\",\"name\":\"athletics champions\",\"url\":\"https:\/\/athletics-champions.ch\/\",\"logo\":{\"@type\":\"ImageObject\",\"inLanguage\":\"fr-FR\",\"@id\":\"https:\/\/athletics-champions.ch\/#\/schema\/logo\/image\/\",\"url\":\"https:\/\/athletics-champions.ch\/wp-content\/uploads\/2012\/08\/cropped-banner.jpg\",\"contentUrl\":\"https:\/\/athletics-champions.ch\/wp-content\/uploads\/2012\/08\/cropped-banner.jpg\",\"width\":\"940\",\"height\":\"173\",\"caption\":\"athletics champions\"},\"image\":{\"@id\":\"https:\/\/athletics-champions.ch\/#\/schema\/logo\/image\/\"},\"sameAs\":[\"https:\/\/www.facebook.com\/athletics.champions.ch\/\",\"https:\/\/x.com\/SwissAthletics\",\"http:\/\/www.youtube.com\/user\/swissathleticsCH\"]}]}<\/script>\n<!-- \/ Yoast SEO plugin. -->","yoast_head_json":{"title":"Membres \/ Accession - Swiss Athletics Champions","robots":{"index":"index","follow":"follow","max-snippet":"max-snippet:-1","max-image-preview":"max-image-preview:large","max-video-preview":"max-video-preview:-1"},"canonical":"https:\/\/athletics-champions.ch\/mitglieder\/","og_locale":"fr_FR","og_type":"article","og_title":"Membres \/ Accession - Swiss Athletics Champions","og_description":"Peuvent faire partie de l\u2019Association: Les champions et championnes suisses d\u2019athl\u00e9tisme, en titre et anciens, dans les disciplines individuelles outdoor[...]","og_url":"https:\/\/athletics-champions.ch\/mitglieder\/","og_site_name":"Swiss Athletics Champions","article_publisher":"https:\/\/www.facebook.com\/athletics.champions.ch\/","article_modified_time":"2026-01-31T16:28:37+00:00","og_image":[{"width":567,"height":803,"url":"https:\/\/athletics-champions.ch\/wp-content\/uploads\/2021\/02\/titel.jpg","type":"image\/jpeg"}],"twitter_card":"summary_large_image","twitter_site":"@SwissAthletics","twitter_misc":{"Dur\u00e9e de lecture estim\u00e9e":"2 minutes"},"schema":{"@context":"https:\/\/schema.org","@graph":[{"@type":"WebPage","@id":"https:\/\/athletics-champions.ch\/mitglieder\/","url":"https:\/\/athletics-champions.ch\/mitglieder\/","name":"Membres \/ Accession - Swiss Athletics Champions","isPartOf":{"@id":"https:\/\/athletics-champions.ch\/#website"},"primaryImageOfPage":{"@id":"https:\/\/athletics-champions.ch\/mitglieder\/#primaryimage"},"image":{"@id":"https:\/\/athletics-champions.ch\/mitglieder\/#primaryimage"},"thumbnailUrl":"https:\/\/athletics-champions.ch\/wp-content\/uploads\/2021\/02\/titel-212x300.jpg","datePublished":"2012-05-06T08:25:20+00:00","dateModified":"2026-01-31T16:28:37+00:00","breadcrumb":{"@id":"https:\/\/athletics-champions.ch\/mitglieder\/#breadcrumb"},"inLanguage":"fr-FR","potentialAction":[{"@type":"ReadAction","target":["https:\/\/athletics-champions.ch\/mitglieder\/"]}]},{"@type":"ImageObject","inLanguage":"fr-FR","@id":"https:\/\/athletics-champions.ch\/mitglieder\/#primaryimage","url":"https:\/\/athletics-champions.ch\/wp-content\/uploads\/2021\/02\/titel-212x300.jpg","contentUrl":"https:\/\/athletics-champions.ch\/wp-content\/uploads\/2021\/02\/titel-212x300.jpg"},{"@type":"BreadcrumbList","@id":"https:\/\/athletics-champions.ch\/mitglieder\/#breadcrumb","itemListElement":[{"@type":"ListItem","position":1,"name":"Startseite","item":"https:\/\/athletics-champions.ch\/"},{"@type":"ListItem","position":2,"name":"Mitglieder \/ Beitrittserkl\u00e4rung"}]},{"@type":"WebSite","@id":"https:\/\/athletics-champions.ch\/#website","url":"https:\/\/athletics-champions.ch\/","name":"Swiss Athletics Champions","description":"","publisher":{"@id":"https:\/\/athletics-champions.ch\/#organization"},"potentialAction":[{"@type":"SearchAction","target":{"@type":"EntryPoint","urlTemplate":"https:\/\/athletics-champions.ch\/?s={search_term_string}"},"query-input":{"@type":"PropertyValueSpecification","valueRequired":true,"valueName":"search_term_string"}}],"inLanguage":"fr-FR"},{"@type":"Organization","@id":"https:\/\/athletics-champions.ch\/#organization","name":"athletics champions","url":"https:\/\/athletics-champions.ch\/","logo":{"@type":"ImageObject","inLanguage":"fr-FR","@id":"https:\/\/athletics-champions.ch\/#\/schema\/logo\/image\/","url":"https:\/\/athletics-champions.ch\/wp-content\/uploads\/2012\/08\/cropped-banner.jpg","contentUrl":"https:\/\/athletics-champions.ch\/wp-content\/uploads\/2012\/08\/cropped-banner.jpg","width":"940","height":"173","caption":"athletics champions"},"image":{"@id":"https:\/\/athletics-champions.ch\/#\/schema\/logo\/image\/"},"sameAs":["https:\/\/www.facebook.com\/athletics.champions.ch\/","https:\/\/x.com\/SwissAthletics","http:\/\/www.youtube.com\/user\/swissathleticsCH"]}]}},"_links":{"self":[{"href":"https:\/\/athletics-champions.ch\/fr\/wp-json\/wp\/v2\/pages\/38","targetHints":{"allow":["GET"]}}],"collection":[{"href":"https:\/\/athletics-champions.ch\/fr\/wp-json\/wp\/v2\/pages"}],"about":[{"href":"https:\/\/athletics-champions.ch\/fr\/wp-json\/wp\/v2\/types\/page"}],"author":[{"embeddable":true,"href":"https:\/\/athletics-champions.ch\/fr\/wp-json\/wp\/v2\/users\/1"}],"replies":[{"embeddable":true,"href":"https:\/\/athletics-champions.ch\/fr\/wp-json\/wp\/v2\/comments?post=38"}],"version-history":[{"count":16,"href":"https:\/\/athletics-champions.ch\/fr\/wp-json\/wp\/v2\/pages\/38\/revisions"}],"predecessor-version":[{"id":7202,"href":"https:\/\/athletics-champions.ch\/fr\/wp-json\/wp\/v2\/pages\/38\/revisions\/7202"}],"wp:attachment":[{"href":"https:\/\/athletics-champions.ch\/fr\/wp-json\/wp\/v2\/media?parent=38"}],"curies":[{"name":"wp","href":"https:\/\/api.w.org\/{rel}","templated":true}]}}